{"id":768,"date":"2024-10-23T10:17:07","date_gmt":"2024-10-23T08:17:07","guid":{"rendered":"https:\/\/ligneartdeco.fr\/?post_type=product&#038;p=768"},"modified":"2024-10-23T11:35:21","modified_gmt":"2024-10-23T09:35:21","slug":"renne-doux-noel","status":"publish","type":"product","link":"https:\/\/ligneartdeco.fr\/index.php\/produit\/renne-doux-noel\/","title":{"rendered":"RENNE DOUX NO\u00cbL"},"content":{"rendered":"<p>Renne Doux No\u00ebl<br \/>\nApportez une touche de douceur et de magie \u00e0 votre d\u00e9coration de No\u00ebl avec ce renne de No\u00ebl kawaii, confectionn\u00e9 \u00e0 la main avec amour. R\u00e9alis\u00e9 \u00e0 partir de 100% de fil recycl\u00e9, ce petit renne aux tons marron et beige, avec son nez rouge p\u00e9tillant, incarne parfaitement l&rsquo;esprit des f\u00eates. Respectueux de l&rsquo;environnement et unique, il saura charmer petits et grands tout en apportant une note chaleureuse et responsable \u00e0 votre int\u00e9rieur. Ce renne kawaii est une cr\u00e9ation \u00e9coresponsable et pleine de tendresse.<\/p>\n","protected":false},"excerpt":{"rendered":"<p>25X25cm <\/p>\n","protected":false},"featured_media":767,"comment_status":"open","ping_status":"closed","template":"","meta":[],"product_cat":[32,30],"product_tag":[],"class_list":{"0":"post-768","1":"product","2":"type-product","3":"status-publish","4":"has-post-thumbnail","6":"product_cat-deco","7":"product_cat-tapis","9":"first","10":"instock","11":"sold-individually","12":"taxable","13":"shipping-taxable","14":"purchasable","15":"product-type-simple"},"jetpack_sharing_enabled":true,"_links":{"self":[{"href":"https:\/\/ligneartdeco.fr\/index.php\/wp-json\/wp\/v2\/product\/768","targetHints":{"allow":["GET"]}}],"collection":[{"href":"https:\/\/ligneartdeco.fr\/index.php\/wp-json\/wp\/v2\/product"}],"about":[{"href":"https:\/\/ligneartdeco.fr\/index.php\/wp-json\/wp\/v2\/types\/product"}],"replies":[{"embeddable":true,"href":"https:\/\/ligneartdeco.fr\/index.php\/wp-json\/wp\/v2\/comments?post=768"}],"wp:featuredmedia":[{"embeddable":true,"href":"https:\/\/ligneartdeco.fr\/index.php\/wp-json\/wp\/v2\/media\/767"}],"wp:attachment":[{"href":"https:\/\/ligneartdeco.fr\/index.php\/wp-json\/wp\/v2\/media?parent=768"}],"wp:term":[{"taxonomy":"product_cat","embeddable":true,"href":"https:\/\/ligneartdeco.fr\/index.php\/wp-json\/wp\/v2\/product_cat?post=768"},{"taxonomy":"product_tag","embeddable":true,"href":"https:\/\/ligneartdeco.fr\/index.php\/wp-json\/wp\/v2\/product_tag?post=768"}],"curies":[{"name":"wp","href":"https:\/\/api.w.org\/{rel}","templated":true}]}}