{"id":743,"date":"2024-10-03T22:23:11","date_gmt":"2024-10-03T20:23:11","guid":{"rendered":"https:\/\/ligneartdeco.fr\/?post_type=product&#038;p=743"},"modified":"2024-10-07T09:57:45","modified_gmt":"2024-10-07T07:57:45","slug":"les-bourgeons","status":"publish","type":"product","link":"https:\/\/ligneartdeco.fr\/index.php\/produit\/les-bourgeons\/","title":{"rendered":"LES BOURGEONS"},"content":{"rendered":"<p>Tapis Rond \u00ab\u00a0Les Bourgeons\u00a0\u00bb \u2013 Nature et Douceur en Harmonie<\/p>\n<p>D\u00e9couvrez \u00ab\u00a0Les Bourgeons\u00a0\u00bb, un tapis rond de 45 cm de diam\u00e8tre sign\u00e9 LIGNE Art d\u2019\u00c9co. Confectionn\u00e9 avec soin sur une base de toile de jute fran\u00e7aise, ce tapis met en valeur la d\u00e9licatesse des tons naturels avec un m\u00e9lange de fil recycl\u00e9 fran\u00e7ais dans des nuances de beige, rose p\u00e2le et marron. Ces couleurs douces \u00e9voquent les premi\u00e8res pousses printani\u00e8res, apportant une touche apaisante \u00e0 votre int\u00e9rieur.<\/p>\n<p>Pour assurer une finition durable, le tapis est encoll\u00e9 avec de la colle fran\u00e7aise de classe A. De plus, il est dot\u00e9 d\u2019un syst\u00e8me d\u2019attache crochet\u00e9 en fil rose p\u00e2le recycl\u00e9, vous offrant la flexibilit\u00e9 de l\u2019accrocher ou de le poser, selon votre inspiration.<\/p>\n<p>Alliant \u00e9thique et esth\u00e9tisme, \u00ab\u00a0Les Bourgeons\u00a0\u00bb est une pi\u00e8ce unique, con\u00e7ue pour embellir votre espace tout en respectant l&rsquo;environnement.<\/p>\n","protected":false},"excerpt":{"rendered":"<p>\u00d8 45cm<\/p>\n","protected":false},"featured_media":681,"comment_status":"open","ping_status":"closed","template":"","meta":[],"product_cat":[30],"product_tag":[],"class_list":{"0":"post-743","1":"product","2":"type-product","3":"status-publish","4":"has-post-thumbnail","6":"product_cat-tapis","8":"first","9":"instock","10":"sold-individually","11":"taxable","12":"shipping-taxable","13":"purchasable","14":"product-type-simple"},"jetpack_sharing_enabled":true,"_links":{"self":[{"href":"https:\/\/ligneartdeco.fr\/index.php\/wp-json\/wp\/v2\/product\/743","targetHints":{"allow":["GET"]}}],"collection":[{"href":"https:\/\/ligneartdeco.fr\/index.php\/wp-json\/wp\/v2\/product"}],"about":[{"href":"https:\/\/ligneartdeco.fr\/index.php\/wp-json\/wp\/v2\/types\/product"}],"replies":[{"embeddable":true,"href":"https:\/\/ligneartdeco.fr\/index.php\/wp-json\/wp\/v2\/comments?post=743"}],"wp:featuredmedia":[{"embeddable":true,"href":"https:\/\/ligneartdeco.fr\/index.php\/wp-json\/wp\/v2\/media\/681"}],"wp:attachment":[{"href":"https:\/\/ligneartdeco.fr\/index.php\/wp-json\/wp\/v2\/media?parent=743"}],"wp:term":[{"taxonomy":"product_cat","embeddable":true,"href":"https:\/\/ligneartdeco.fr\/index.php\/wp-json\/wp\/v2\/product_cat?post=743"},{"taxonomy":"product_tag","embeddable":true,"href":"https:\/\/ligneartdeco.fr\/index.php\/wp-json\/wp\/v2\/product_tag?post=743"}],"curies":[{"name":"wp","href":"https:\/\/api.w.org\/{rel}","templated":true}]}}