{"id":742,"date":"2024-10-03T21:32:20","date_gmt":"2024-10-03T19:32:20","guid":{"rendered":"https:\/\/ligneartdeco.fr\/?post_type=product&#038;p=742"},"modified":"2024-12-25T01:21:26","modified_gmt":"2024-12-25T00:21:26","slug":"couleurs-dautomne","status":"publish","type":"product","link":"https:\/\/ligneartdeco.fr\/index.php\/produit\/couleurs-dautomne\/","title":{"rendered":"COULEURS D\u2019AUTOMNE"},"content":{"rendered":"<p>D\u00e9co \u00ab\u00a0Couleurs d&rsquo;Automne\u00a0\u00bb \u2013 Harmonie Naturelle et Douceur des Saisons<\/p>\n<p>Laissez-vous s\u00e9duire par la d\u00e9co \u00ab\u00a0Couleurs d&rsquo;Automne\u00a0\u00bb de LIGNE Art d\u2019\u00c9co, une cr\u00e9ation inspir\u00e9e par la beaut\u00e9 changeante de l\u2019automne. Cette pi\u00e8ce de 16 cm de diam\u00e8tre met en sc\u00e8ne une branche marron orn\u00e9e de feuilles dans des teintes bleues et orang\u00e9es, reposant sur un fond doux en fil jaune. Tous les fils utilis\u00e9s sont recycl\u00e9s et fran\u00e7ais, assurant une production \u00e9coresponsable et de qualit\u00e9.<\/p>\n<p>Fabriqu\u00e9e avec de la toile de jute fran\u00e7aise et encoll\u00e9e avec de la colle fran\u00e7aise classe A, cette d\u00e9coration est aussi \u00e9l\u00e9gante que respectueuse de l\u2019environnement. Un cordon d&rsquo;attache crochet\u00e9 en fil jaune recycl\u00e9 permet de l&rsquo;accrocher ou de la poser, selon vos envies, offrant ainsi une flexibilit\u00e9 d&rsquo;utilisation.<\/p>\n<p>Avec \u00ab\u00a0Couleurs d&rsquo;Automne\u00a0\u00bb, ajoutez une touche de nature et de s\u00e9r\u00e9nit\u00e9 \u00e0 votre espace tout en adoptant une d\u00e9marche \u00e9coresponsable.<\/p>\n","protected":false},"excerpt":{"rendered":"<p>\u00d8 16cm<\/p>\n","protected":false},"featured_media":686,"comment_status":"open","ping_status":"closed","template":"","meta":[],"product_cat":[31],"product_tag":[],"class_list":{"0":"post-742","1":"product","2":"type-product","3":"status-publish","4":"has-post-thumbnail","6":"product_cat-deco-punch","8":"first","9":"instock","10":"sold-individually","11":"purchasable","12":"product-type-simple"},"jetpack_sharing_enabled":true,"_links":{"self":[{"href":"https:\/\/ligneartdeco.fr\/index.php\/wp-json\/wp\/v2\/product\/742","targetHints":{"allow":["GET"]}}],"collection":[{"href":"https:\/\/ligneartdeco.fr\/index.php\/wp-json\/wp\/v2\/product"}],"about":[{"href":"https:\/\/ligneartdeco.fr\/index.php\/wp-json\/wp\/v2\/types\/product"}],"replies":[{"embeddable":true,"href":"https:\/\/ligneartdeco.fr\/index.php\/wp-json\/wp\/v2\/comments?post=742"}],"wp:featuredmedia":[{"embeddable":true,"href":"https:\/\/ligneartdeco.fr\/index.php\/wp-json\/wp\/v2\/media\/686"}],"wp:attachment":[{"href":"https:\/\/ligneartdeco.fr\/index.php\/wp-json\/wp\/v2\/media?parent=742"}],"wp:term":[{"taxonomy":"product_cat","embeddable":true,"href":"https:\/\/ligneartdeco.fr\/index.php\/wp-json\/wp\/v2\/product_cat?post=742"},{"taxonomy":"product_tag","embeddable":true,"href":"https:\/\/ligneartdeco.fr\/index.php\/wp-json\/wp\/v2\/product_tag?post=742"}],"curies":[{"name":"wp","href":"https:\/\/api.w.org\/{rel}","templated":true}]}}