{"id":733,"date":"2024-10-03T21:12:36","date_gmt":"2024-10-03T19:12:36","guid":{"rendered":"https:\/\/ligneartdeco.fr\/?post_type=product&#038;p=733"},"modified":"2025-01-03T14:47:42","modified_gmt":"2025-01-03T13:47:42","slug":"smile-amour","status":"publish","type":"product","link":"https:\/\/ligneartdeco.fr\/index.php\/produit\/smile-amour\/","title":{"rendered":"SMILE AMOUR"},"content":{"rendered":"<p>D\u00e9co \u00ab\u00a0SMILE AMOUR\u00a0\u00bb \u2013 Joie et Amour \u00e0 Suspendre<\/p>\n<p>Apportez une touche de bonheur \u00e0 votre int\u00e9rieur avec la d\u00e9co \u00ab\u00a0SMILE AMOUR\u00a0\u00bb de LIGNE Art d\u2019\u00c9co. R\u00e9alis\u00e9e au punch needle, cette pi\u00e8ce de 16 cm de diam\u00e8tre repr\u00e9sente un adorable smiley aux yeux en forme de c\u0153ur et un sourire radieux. Fabriqu\u00e9e en fil jaune fran\u00e7ais recycl\u00e9 et orn\u00e9e d&rsquo;\u00e9l\u00e9ments rouges pour les yeux et la bouche, cette d\u00e9co met \u00e0 l\u2019honneur des mat\u00e9riaux durables et respectueux de l\u2019environnement.<\/p>\n<p>La toile de fond est constitu\u00e9e de toile de jute fran\u00e7aise, avec une finition soign\u00e9e gr\u00e2ce \u00e0 l\u2019utilisation de colle fran\u00e7aise de classe A. Pour plus de praticit\u00e9, un cordon d&rsquo;attache crochet\u00e9 \u00e0 la main en fil jaune a \u00e9t\u00e9 ajout\u00e9, permettant de suspendre la d\u00e9co ou de la poser selon vos envies.<\/p>\n<p>Ajoutez une touche chaleureuse et pleine d\u2019amour \u00e0 n&rsquo;importe quel espace avec cette cr\u00e9ation unique, \u00e9coresponsable et joyeuse.<\/p>\n","protected":false},"excerpt":{"rendered":"<p>\u00d816cm<\/p>\n","protected":false},"featured_media":688,"comment_status":"open","ping_status":"closed","template":"","meta":[],"product_cat":[31],"product_tag":[],"class_list":{"0":"post-733","1":"product","2":"type-product","3":"status-publish","4":"has-post-thumbnail","6":"product_cat-deco-punch","8":"first","9":"outofstock","10":"sold-individually","11":"purchasable","12":"product-type-simple"},"jetpack_sharing_enabled":true,"_links":{"self":[{"href":"https:\/\/ligneartdeco.fr\/index.php\/wp-json\/wp\/v2\/product\/733","targetHints":{"allow":["GET"]}}],"collection":[{"href":"https:\/\/ligneartdeco.fr\/index.php\/wp-json\/wp\/v2\/product"}],"about":[{"href":"https:\/\/ligneartdeco.fr\/index.php\/wp-json\/wp\/v2\/types\/product"}],"replies":[{"embeddable":true,"href":"https:\/\/ligneartdeco.fr\/index.php\/wp-json\/wp\/v2\/comments?post=733"}],"wp:featuredmedia":[{"embeddable":true,"href":"https:\/\/ligneartdeco.fr\/index.php\/wp-json\/wp\/v2\/media\/688"}],"wp:attachment":[{"href":"https:\/\/ligneartdeco.fr\/index.php\/wp-json\/wp\/v2\/media?parent=733"}],"wp:term":[{"taxonomy":"product_cat","embeddable":true,"href":"https:\/\/ligneartdeco.fr\/index.php\/wp-json\/wp\/v2\/product_cat?post=733"},{"taxonomy":"product_tag","embeddable":true,"href":"https:\/\/ligneartdeco.fr\/index.php\/wp-json\/wp\/v2\/product_tag?post=733"}],"curies":[{"name":"wp","href":"https:\/\/api.w.org\/{rel}","templated":true}]}}