{"id":449,"date":"2024-09-13T09:20:44","date_gmt":"2024-09-13T07:20:44","guid":{"rendered":"https:\/\/ligneartdeco.fr\/?post_type=product&#038;p=449"},"modified":"2024-10-07T09:27:34","modified_gmt":"2024-10-07T07:27:34","slug":"valo","status":"publish","type":"product","link":"https:\/\/ligneartdeco.fr\/index.php\/produit\/valo\/","title":{"rendered":"VALO"},"content":{"rendered":"<p>Tapis Repose-Poignets \u00ab\u00a0VALO\u00a0\u00bb \u2013 Confort, \u00c9coresponsabilit\u00e9 et Mat\u00e9riaux de Qualit\u00e9<\/p>\n<p>D\u00e9couvrez le tapis repose-poignets LIGNE Art d\u2019\u00c9co, une cr\u00e9ation artisanale qui combine confort, design \u00e9pur\u00e9 et engagement \u00e9cologique. Fabriqu\u00e9 \u00e0 partir de fil fran\u00e7ais recycl\u00e9 noir, ce tapis de 47 x 17 cm offre un soutien parfait pour vos poignets tout en ajoutant une touche de style \u00e0 votre espace de travail.<\/p>\n<p>L&rsquo;inscription \u00ab\u00a0VALO\u00a0\u00bb, r\u00e9alis\u00e9e en acrylique blanc, met en valeur la philosophie de valorisation des mat\u00e9riaux recycl\u00e9s. Con\u00e7u avec de la toile de jute de fabrication fran\u00e7aise et assembl\u00e9 avec une colle de classe A, ce tapis garantit durabilit\u00e9 et s\u00e9curit\u00e9 tout en respectant les normes les plus strictes.<\/p>\n<p>Chaque pi\u00e8ce est unique, refl\u00e9tant une esth\u00e9tique minimaliste et un savoir-faire artisanal \u00e9coresponsable. Alliez fonctionnalit\u00e9, \u00e9l\u00e9gance et respect de l\u2019environnement avec cette cr\u00e9ation exceptionnelle.<\/p>\n<p>Mat\u00e9riaux: Toile de jute Francaise<br \/>\n           Fil noir Fran\u00e7ais recycl\u00e9<br \/>\n           Fil blanc acrylique<br \/>\n           Colle classe A<\/p>\n","protected":false},"excerpt":{"rendered":"<p>Longueur: 45cm  Largeur: 17cm<\/p>\n","protected":false},"featured_media":276,"comment_status":"open","ping_status":"closed","template":"","meta":[],"product_cat":[26],"product_tag":[],"class_list":{"0":"post-449","1":"product","2":"type-product","3":"status-publish","4":"has-post-thumbnail","6":"product_cat-repose-poignet","8":"first","9":"outofstock","10":"sold-individually","11":"purchasable","12":"product-type-simple"},"jetpack_sharing_enabled":true,"_links":{"self":[{"href":"https:\/\/ligneartdeco.fr\/index.php\/wp-json\/wp\/v2\/product\/449","targetHints":{"allow":["GET"]}}],"collection":[{"href":"https:\/\/ligneartdeco.fr\/index.php\/wp-json\/wp\/v2\/product"}],"about":[{"href":"https:\/\/ligneartdeco.fr\/index.php\/wp-json\/wp\/v2\/types\/product"}],"replies":[{"embeddable":true,"href":"https:\/\/ligneartdeco.fr\/index.php\/wp-json\/wp\/v2\/comments?post=449"}],"wp:featuredmedia":[{"embeddable":true,"href":"https:\/\/ligneartdeco.fr\/index.php\/wp-json\/wp\/v2\/media\/276"}],"wp:attachment":[{"href":"https:\/\/ligneartdeco.fr\/index.php\/wp-json\/wp\/v2\/media?parent=449"}],"wp:term":[{"taxonomy":"product_cat","embeddable":true,"href":"https:\/\/ligneartdeco.fr\/index.php\/wp-json\/wp\/v2\/product_cat?post=449"},{"taxonomy":"product_tag","embeddable":true,"href":"https:\/\/ligneartdeco.fr\/index.php\/wp-json\/wp\/v2\/product_tag?post=449"}],"curies":[{"name":"wp","href":"https:\/\/api.w.org\/{rel}","templated":true}]}}